{"id":247818,"date":"2018-10-13T13:11:55","date_gmt":"2018-10-13T13:11:55","guid":{"rendered":"https:\/\/mireiasdream.com\/producto\/chaqueta-imitacion-piel-2\/"},"modified":"2026-03-22T13:39:35","modified_gmt":"2026-03-22T13:39:35","slug":"chaqueta-imitacion-piel","status":"publish","type":"product","link":"https:\/\/mireiasdream.com\/en\/tienda\/clothing\/jackets\/chaqueta-imitacion-piel\/","title":{"rendered":"Chaqueta imitaci\u00f3n piel"},"content":{"rendered":"<p>Chaqueta imitaci\u00f3n piel, con detalles en pelo sint\u00e9tico. 95% Poliester, 5 % Poliuretano.<\/p>\n","protected":false},"excerpt":{"rendered":"<p>Chaqueta imitaci\u00f3n piel.<\/p>\n","protected":false},"featured_media":251062,"template":"","meta":{"_et_pb_use_builder":"","_et_pb_old_content":"","_et_gb_content_width":"","_joinchat":[]},"product_brand":[],"product_cat":[257,272],"product_tag":[],"class_list":{"0":"post-247818","1":"product","2":"type-product","3":"status-publish","4":"has-post-thumbnail","6":"product_cat-clothing","7":"product_cat-jackets","8":"pa_talla-m-en-2","9":"pa_talla-s-en-2","11":"first","12":"outofstock","13":"taxable","14":"shipping-taxable","15":"purchasable","16":"product-type-variable","17":"has-default-attributes"},"_links":{"self":[{"href":"https:\/\/mireiasdream.com\/en\/wp-json\/wp\/v2\/product\/247818","targetHints":{"allow":["GET"]}}],"collection":[{"href":"https:\/\/mireiasdream.com\/en\/wp-json\/wp\/v2\/product"}],"about":[{"href":"https:\/\/mireiasdream.com\/en\/wp-json\/wp\/v2\/types\/product"}],"wp:featuredmedia":[{"embeddable":true,"href":"https:\/\/mireiasdream.com\/en\/wp-json\/wp\/v2\/media\/251062"}],"wp:attachment":[{"href":"https:\/\/mireiasdream.com\/en\/wp-json\/wp\/v2\/media?parent=247818"}],"wp:term":[{"taxonomy":"product_brand","embeddable":true,"href":"https:\/\/mireiasdream.com\/en\/wp-json\/wp\/v2\/product_brand?post=247818"},{"taxonomy":"product_cat","embeddable":true,"href":"https:\/\/mireiasdream.com\/en\/wp-json\/wp\/v2\/product_cat?post=247818"},{"taxonomy":"product_tag","embeddable":true,"href":"https:\/\/mireiasdream.com\/en\/wp-json\/wp\/v2\/product_tag?post=247818"}],"curies":[{"name":"wp","href":"https:\/\/api.w.org\/{rel}","templated":true}]}}