{"id":247917,"date":"2020-07-28T18:21:30","date_gmt":"2020-07-28T18:21:30","guid":{"rendered":"https:\/\/mireiasdream.com\/producto\/gigi-dress-miss-june\/"},"modified":"2025-03-20T14:03:26","modified_gmt":"2025-03-20T14:03:26","slug":"vestido-gigi-miss-june","status":"publish","type":"product","link":"https:\/\/mireiasdream.com\/en\/tienda\/clothing\/dresses\/vestido-gigi-miss-june\/","title":{"rendered":"Vestido Gigi Miss June"},"content":{"rendered":"<p>Vestido corto con manga, de ray\u00f3n, en tonos azules, estampado paisley, pechera decorada con espejuelos y bordados. Ideal para llevar con cintur\u00f3n (no inclu\u00eddo con el vestido)<\/p>\n","protected":false},"excerpt":{"rendered":"<p>Vestido corto con manga de la colecci\u00f3n primavera-verano 2020 de Miss June.<\/p>\n","protected":false},"featured_media":247911,"template":"","meta":{"_et_pb_use_builder":"","_et_pb_old_content":"","_et_gb_content_width":"","_joinchat":[]},"product_brand":[538],"product_cat":[257,258],"product_tag":[332],"class_list":{"0":"post-247917","1":"product","2":"type-product","3":"status-publish","4":"has-post-thumbnail","6":"product_brand-miss-june-en","7":"product_cat-clothing","8":"product_cat-dresses","9":"product_tag-miss-june-en","10":"pa_talla-unica-en-2","12":"first","13":"outofstock","14":"sale","15":"taxable","16":"shipping-taxable","17":"purchasable","18":"product-type-variable","19":"has-default-attributes"},"_links":{"self":[{"href":"https:\/\/mireiasdream.com\/en\/wp-json\/wp\/v2\/product\/247917","targetHints":{"allow":["GET"]}}],"collection":[{"href":"https:\/\/mireiasdream.com\/en\/wp-json\/wp\/v2\/product"}],"about":[{"href":"https:\/\/mireiasdream.com\/en\/wp-json\/wp\/v2\/types\/product"}],"wp:featuredmedia":[{"embeddable":true,"href":"https:\/\/mireiasdream.com\/en\/wp-json\/wp\/v2\/media\/247911"}],"wp:attachment":[{"href":"https:\/\/mireiasdream.com\/en\/wp-json\/wp\/v2\/media?parent=247917"}],"wp:term":[{"taxonomy":"product_brand","embeddable":true,"href":"https:\/\/mireiasdream.com\/en\/wp-json\/wp\/v2\/product_brand?post=247917"},{"taxonomy":"product_cat","embeddable":true,"href":"https:\/\/mireiasdream.com\/en\/wp-json\/wp\/v2\/product_cat?post=247917"},{"taxonomy":"product_tag","embeddable":true,"href":"https:\/\/mireiasdream.com\/en\/wp-json\/wp\/v2\/product_tag?post=247917"}],"curies":[{"name":"wp","href":"https:\/\/api.w.org\/{rel}","templated":true}]}}