{"id":248028,"date":"2022-04-20T23:12:45","date_gmt":"2022-04-20T23:12:45","guid":{"rendered":"https:\/\/mireiasdream.com\/producto\/bluebelle-dress-miss-june\/"},"modified":"2025-03-20T14:07:06","modified_gmt":"2025-03-20T14:07:06","slug":"vestido-bluebelle-miss-june","status":"publish","type":"product","link":"https:\/\/mireiasdream.com\/en\/tienda\/clothing\/dresses\/vestido-bluebelle-miss-june\/","title":{"rendered":"Vestido Bluebelle Miss June"},"content":{"rendered":"<p style=\"text-align:justify;\">Este vestido de Miss June, es el vestido perfecto si buscas un vestido boho de invitada.  El vestido Bluebelle de Miss June es una pieza destacada de moda bohemia que te har\u00e1 lucir deslumbrante y con un estilo inigualable. Este vestido impresionante es uno de los modelos m\u00e1s representativos de la colecci\u00f3n 2022 de Miss June, una marca reconocida por su dise\u00f1o hecho a mano y su dedicaci\u00f3n a la sostenibilidad. Elaborado con un fino georgette de ray\u00f3n, decorado con l\u00farex, te enamorar\u00e1 por su bonita falda de volantes y su maravillosa ca\u00edda, caracter\u00edstica presente en todos los modelos de Miss June.  Ajustable a la cintura con el propio cintur\u00f3n del vestido, elaborado con la misma tela y rematado por un pomp\u00f3n de tiras con el mismo patr\u00f3n.<\/p>\n<p> Disponible en una \u00fanica talla que se ajusta a las tallas 38 a 42.<\/p>\n<p>Medidas de contorno de pecho(cm):<\/p>\n<p>Vestido 105<\/p>\n<p>Forro 82<\/p>\n<\/p>\n<p>Medidas de largo (cm):<\/p>\n<p>Vestido 153<\/p>\n<p>Forro 98<\/p>\n<\/p><\/p>\n","protected":false},"excerpt":{"rendered":"<p style=\"text-align:justify;\">Vestido boho de invitada, de\u00a0<a href=\"https:\/\/mireiasdream.com\/marca\/miss-june\">Miss June<\/a> de la colecci\u00f3n 2022, manga corta, ajustado a la cintura y falda con volantes. Disponible en tonos naranja y talla \u00fanica.<\/p><\/p>\n","protected":false},"featured_media":248021,"template":"","meta":{"_et_pb_use_builder":"","_et_pb_old_content":"","_et_gb_content_width":"","_joinchat":[]},"product_brand":[538],"product_cat":[257,258],"product_tag":[332],"class_list":{"0":"post-248028","1":"product","2":"type-product","3":"status-publish","4":"has-post-thumbnail","6":"product_brand-miss-june-en","7":"product_cat-clothing","8":"product_cat-dresses","9":"product_tag-miss-june-en","10":"pa_color-fuchsia","11":"pa_talla-unica-en-2","13":"first","14":"instock","15":"sale","16":"taxable","17":"shipping-taxable","18":"purchasable","19":"product-type-variable","20":"has-default-attributes"},"_links":{"self":[{"href":"https:\/\/mireiasdream.com\/en\/wp-json\/wp\/v2\/product\/248028","targetHints":{"allow":["GET"]}}],"collection":[{"href":"https:\/\/mireiasdream.com\/en\/wp-json\/wp\/v2\/product"}],"about":[{"href":"https:\/\/mireiasdream.com\/en\/wp-json\/wp\/v2\/types\/product"}],"wp:featuredmedia":[{"embeddable":true,"href":"https:\/\/mireiasdream.com\/en\/wp-json\/wp\/v2\/media\/248021"}],"wp:attachment":[{"href":"https:\/\/mireiasdream.com\/en\/wp-json\/wp\/v2\/media?parent=248028"}],"wp:term":[{"taxonomy":"product_brand","embeddable":true,"href":"https:\/\/mireiasdream.com\/en\/wp-json\/wp\/v2\/product_brand?post=248028"},{"taxonomy":"product_cat","embeddable":true,"href":"https:\/\/mireiasdream.com\/en\/wp-json\/wp\/v2\/product_cat?post=248028"},{"taxonomy":"product_tag","embeddable":true,"href":"https:\/\/mireiasdream.com\/en\/wp-json\/wp\/v2\/product_tag?post=248028"}],"curies":[{"name":"wp","href":"https:\/\/api.w.org\/{rel}","templated":true}]}}