{"id":248568,"date":"2023-04-03T12:53:45","date_gmt":"2023-04-03T12:53:45","guid":{"rendered":"https:\/\/mireiasdream.com\/producto\/boho-tie-dye-dress\/"},"modified":"2025-03-20T14:04:06","modified_gmt":"2025-03-20T14:04:06","slug":"vestido-boho-tie-dye","status":"publish","type":"product","link":"https:\/\/mireiasdream.com\/en\/tienda\/clothing\/dresses\/vestido-boho-tie-dye\/","title":{"rendered":"Vestido boho tie dye"},"content":{"rendered":"<p style=\"text-align:justify;\">Este vestido corto de tirante es ideal para mujeres que tengan poca talla o ni\u00f1as que busquen un vestido rom\u00e1ntico. A continuaci\u00f3n detallaremos las medidas del vestido. Est\u00e1 elaborado mediante tela de bambula de algod\u00f3n te\u00f1ido mediante la t\u00e9cnica tie dye y con textura de plumeti, tirantes regulables, decorado con espejuelos, perlas peque\u00f1as y tiras de encaje, as\u00ed como dos volantes de tul bordados, que no deber\u00e1n ser planchados, puesto que, si bien el algod\u00f3n admite plancha aunque no sea necesaria porque perder\u00eda la textura de la bambula, este tul se quemar\u00eda. Corte ajustado a la cintura mediante goma y ajuste al pecho mediante goma superior en la espalda.<\/p>\n<p style=\"text-align:justify;\">Contorno de pecho sin estirar goma espalda: 78 cm<\/p>\n<p style=\"text-align:justify;\">Medida cintura sin estirar la goma: 66 cm\u00a0<\/p>\n<p style=\"text-align:justify;\">Largo sin tirante: 82 cm<\/p>\n<p style=\"text-align:justify;\">Fabricado en la India.<\/p>\n","protected":false},"excerpt":{"rendered":"<p style=\"text-align:justify;\">Vestido corto, de tirante en color ocre, elaborado con la t\u00e9cnica tie-dye, con volantes y bordados.<\/p>\n<p><a href=\"https:\/\/mireiasdream.com\/categoria-producto\/ropa\/vestidos\"><\/a><\/p>\n<p style=\"text-align:justify;\"><a href=\"https:\/\/mireiasdream.com\/categoria-producto\/ropa\/vestidos\">Click para ver m\u00e1s vestidos estilo boho-chic<\/a><\/p><\/p>\n","protected":false},"featured_media":248563,"template":"","meta":{"_et_pb_use_builder":"","_et_pb_old_content":"","_et_gb_content_width":"","_joinchat":[]},"product_brand":[537],"product_cat":[257,258],"product_tag":[],"class_list":{"0":"post-248568","1":"product","2":"type-product","3":"status-publish","4":"has-post-thumbnail","6":"product_brand-mireias-dream-en","7":"product_cat-clothing","8":"product_cat-dresses","9":"pa_composicion-100-cotton","10":"pa_estilo-boho-chic-en","11":"pa_talla-unica-en-2","13":"first","14":"instock","15":"taxable","16":"shipping-taxable","17":"purchasable","18":"product-type-variable","19":"has-default-attributes"},"_links":{"self":[{"href":"https:\/\/mireiasdream.com\/en\/wp-json\/wp\/v2\/product\/248568","targetHints":{"allow":["GET"]}}],"collection":[{"href":"https:\/\/mireiasdream.com\/en\/wp-json\/wp\/v2\/product"}],"about":[{"href":"https:\/\/mireiasdream.com\/en\/wp-json\/wp\/v2\/types\/product"}],"wp:featuredmedia":[{"embeddable":true,"href":"https:\/\/mireiasdream.com\/en\/wp-json\/wp\/v2\/media\/248563"}],"wp:attachment":[{"href":"https:\/\/mireiasdream.com\/en\/wp-json\/wp\/v2\/media?parent=248568"}],"wp:term":[{"taxonomy":"product_brand","embeddable":true,"href":"https:\/\/mireiasdream.com\/en\/wp-json\/wp\/v2\/product_brand?post=248568"},{"taxonomy":"product_cat","embeddable":true,"href":"https:\/\/mireiasdream.com\/en\/wp-json\/wp\/v2\/product_cat?post=248568"},{"taxonomy":"product_tag","embeddable":true,"href":"https:\/\/mireiasdream.com\/en\/wp-json\/wp\/v2\/product_tag?post=248568"}],"curies":[{"name":"wp","href":"https:\/\/api.w.org\/{rel}","templated":true}]}}