{"id":248856,"date":"2023-06-17T21:47:30","date_gmt":"2023-06-17T21:47:30","guid":{"rendered":"https:\/\/mireiasdream.com\/producto\/jaase-pink-lemonade-print-polly-mini-dress\/"},"modified":"2025-04-11T16:28:55","modified_gmt":"2025-04-11T16:28:55","slug":"vestido-corto-de-jaase-polly-print-pink-lemonade","status":"publish","type":"product","link":"https:\/\/mireiasdream.com\/en\/tienda\/clothing\/dresses\/short-dresses\/vestido-corto-de-jaase-polly-print-pink-lemonade\/","title":{"rendered":"Vestido corto de Jaase Polly Print Pink Lemonade"},"content":{"rendered":"<p>Vestido Jaase corto, de la colecci\u00f3n 2023, en un color fucsia precioso, ideal para el verano, y tambi\u00e9n para entretiempo pues su color combina a la perfecci\u00f3n con una cazadora vaquera. Corte holgado, manga francesa abullonada en ragl\u00e1n con jaretas, encaje, goma en el borde de la manga, cinta de adorno en dicho borde rematada con un cilindro met\u00e1lico, cuello pico, cortado en la cintura y tira para ajustar.<\/p>\n<\/p>\n<p>Medidas de contorno de pecho (cm):<\/p>\n<p>XS &#8211; 101<\/p>\n<p>S &#8211; 104<\/p>\n<p>M &#8211; 108<\/p>\n<p>L &#8211; 110<\/p>\n<p>Medidas de largo\u00a0 (cm):<\/p>\n<p>XS &#8211; 84<\/p>\n<p>S &#8211; 87<\/p>\n<p>M &#8211; 85<\/p>\n<p>L &#8211; 86<\/p><\/p>\n","protected":false},"excerpt":{"rendered":"<p>Vestido de <a href=\"https:\/\/mireiasdream.com\/marca\/jaase\">Jaase <\/a>corto, manga francesa, escote de pico y tira para atar en la cintura, de la colecci\u00f3n verano 2023.<\/p>\n<\/p>\n<p><a href=\"https:\/\/mireiasdream.com\/categoria-producto\/ropa\/vestidos\">Click para ver m\u00e1s vestidos estilo boho-chic<\/a><\/p>\n","protected":false},"featured_media":252662,"template":"","meta":{"_et_pb_use_builder":"","_et_pb_old_content":"","_et_gb_content_width":"","_joinchat":[]},"product_brand":[536],"product_cat":[257,258,289],"product_tag":[572,260],"class_list":{"0":"post-248856","1":"product","2":"type-product","3":"status-publish","4":"has-post-thumbnail","6":"product_brand-jaase-en","7":"product_cat-clothing","8":"product_cat-dresses","9":"product_cat-short-dresses","10":"product_tag-boho-dresses","11":"product_tag-jaase-en","12":"pa_composicion-100-rayon","13":"pa_estilo-boho-chic-en","14":"pa_talla-l-en-2","16":"first","17":"instock","18":"sale","19":"taxable","20":"shipping-taxable","21":"purchasable","22":"product-type-variable","23":"has-default-attributes"},"_links":{"self":[{"href":"https:\/\/mireiasdream.com\/en\/wp-json\/wp\/v2\/product\/248856","targetHints":{"allow":["GET"]}}],"collection":[{"href":"https:\/\/mireiasdream.com\/en\/wp-json\/wp\/v2\/product"}],"about":[{"href":"https:\/\/mireiasdream.com\/en\/wp-json\/wp\/v2\/types\/product"}],"wp:featuredmedia":[{"embeddable":true,"href":"https:\/\/mireiasdream.com\/en\/wp-json\/wp\/v2\/media\/252662"}],"wp:attachment":[{"href":"https:\/\/mireiasdream.com\/en\/wp-json\/wp\/v2\/media?parent=248856"}],"wp:term":[{"taxonomy":"product_brand","embeddable":true,"href":"https:\/\/mireiasdream.com\/en\/wp-json\/wp\/v2\/product_brand?post=248856"},{"taxonomy":"product_cat","embeddable":true,"href":"https:\/\/mireiasdream.com\/en\/wp-json\/wp\/v2\/product_cat?post=248856"},{"taxonomy":"product_tag","embeddable":true,"href":"https:\/\/mireiasdream.com\/en\/wp-json\/wp\/v2\/product_tag?post=248856"}],"curies":[{"name":"wp","href":"https:\/\/api.w.org\/{rel}","templated":true}]}}