{"id":248945,"date":"2023-07-24T14:59:14","date_gmt":"2023-07-24T14:59:14","guid":{"rendered":"https:\/\/mireiasdream.com\/producto\/jaase-pink-lotus-print-indiana-maxi-dress\/"},"modified":"2026-04-15T15:30:24","modified_gmt":"2026-04-15T15:30:24","slug":"vestido-jaase-indiana-print-pink-lotus","status":"publish","type":"product","link":"https:\/\/mireiasdream.com\/en\/tienda\/clothing\/dresses\/vestido-jaase-indiana-print-pink-lotus\/","title":{"rendered":"Vestido Jaase Indiana print Pink Lotus"},"content":{"rendered":"<p>El modelo Indiana es un cl\u00e1sico entre los vestidos Jaase. En esta ocasi\u00f3n est\u00e1 realizado en un estampado floral y en un color muy bonito. Para los que a\u00fan no conocen el modelo Indiana, podemos resumir que es un vestido con botones delanteros desde el escote hasta el final del vestido, tiene crochet en la espalda, mangas francesas, bandas el\u00e1sticas para ajustar la cintura, cord\u00f3n decorativo en la cintura y un corte ligeramente desigual en la parte inferior del vestido. Irregularidades de la parte inferior del vestido, no se considerar\u00e1n defecto del vestido.<\/p>\n","protected":false},"excerpt":{"rendered":"<div class=\"tw-ta-container F0azHf tw-nfl\" id=\"tw-target-text-container\">\n<p class=\"tw-data-text tw-text-large tw-ta\" id=\"tw-target-text\" style=\"text-align:left;\" dir=\"ltr\"><span class=\"Y2IQFc\" lang=\"es\" xml:lang=\"es\">Vestido largo de la marca australiana\u00a0<\/span><a href=\"https:\/\/mireiasdream.com\/en\/marca\/jaase-en\/\">Jaase<\/a><span class=\"Y2IQFc\" lang=\"es\" xml:lang=\"es\">, en estampado Lotus Pink, modelo Indiana, de la colecci\u00f3n verano 2023. <br \/><\/span><\/p>\n<\/div>\n<p><a href=\"https:\/\/mireiasdream.com\/en\/categoria-producto\/clothing\/dresses\/\">Click para ver m\u00e1s vestidos boho<\/a><\/p><\/p>\n","protected":false},"featured_media":252820,"template":"","meta":{"_et_pb_use_builder":"","_et_pb_old_content":"","_et_gb_content_width":"","_joinchat":[]},"product_brand":[536],"product_cat":[257,258],"product_tag":[572,260],"class_list":{"0":"post-248945","1":"product","2":"type-product","3":"status-publish","4":"has-post-thumbnail","6":"product_brand-jaase-en","7":"product_cat-clothing","8":"product_cat-dresses","9":"product_tag-boho-dresses","10":"product_tag-jaase-en","11":"pa_composicion-100-rayon","12":"pa_estilo-boho-chic-en","13":"pa_talla-m-en-2","15":"first","16":"outofstock","17":"taxable","18":"shipping-taxable","19":"purchasable","20":"product-type-variable","21":"has-default-attributes"},"_links":{"self":[{"href":"https:\/\/mireiasdream.com\/en\/wp-json\/wp\/v2\/product\/248945","targetHints":{"allow":["GET"]}}],"collection":[{"href":"https:\/\/mireiasdream.com\/en\/wp-json\/wp\/v2\/product"}],"about":[{"href":"https:\/\/mireiasdream.com\/en\/wp-json\/wp\/v2\/types\/product"}],"wp:featuredmedia":[{"embeddable":true,"href":"https:\/\/mireiasdream.com\/en\/wp-json\/wp\/v2\/media\/252820"}],"wp:attachment":[{"href":"https:\/\/mireiasdream.com\/en\/wp-json\/wp\/v2\/media?parent=248945"}],"wp:term":[{"taxonomy":"product_brand","embeddable":true,"href":"https:\/\/mireiasdream.com\/en\/wp-json\/wp\/v2\/product_brand?post=248945"},{"taxonomy":"product_cat","embeddable":true,"href":"https:\/\/mireiasdream.com\/en\/wp-json\/wp\/v2\/product_cat?post=248945"},{"taxonomy":"product_tag","embeddable":true,"href":"https:\/\/mireiasdream.com\/en\/wp-json\/wp\/v2\/product_tag?post=248945"}],"curies":[{"name":"wp","href":"https:\/\/api.w.org\/{rel}","templated":true}]}}