{"id":249022,"date":"2023-08-16T12:47:55","date_gmt":"2023-08-16T12:47:55","guid":{"rendered":"https:\/\/mireiasdream.com\/producto\/paris-dress-by-antica-sartoria\/"},"modified":"2025-03-20T14:04:29","modified_gmt":"2025-03-20T14:04:29","slug":"vestido-paris-antica-sartoria","status":"publish","type":"product","link":"https:\/\/mireiasdream.com\/en\/tienda\/clothing\/dresses\/vestido-paris-antica-sartoria\/","title":{"rendered":"Vestido Par\u00eds Antica Sartoria"},"content":{"rendered":"<p>Vestido largo de la marca Antica Sartoria, con escote pronunciado en espalda y frontal, elaborado con una tela muy ligera de poli\u00e9ster estampada en tonos azules y blancos, con una composici\u00f3n que imita la cer\u00e1mica t\u00edpica portuguesa, ajuste en la cintura mediante gomas, y cintas para cerrar los escotes, rematadas con pompones. <br \/>Disponible en talla \u00fanica.<\/p><\/p>\n","protected":false},"excerpt":{"rendered":"<p>Vestido largo de\u00a0<a href=\"https:\/\/mireiasdream.com\/marca\/antica-sartoria\">Antica Sartoria<\/a>\u00a0con escote de pico pronunciado en espalda y frontal, de la colecci\u00f3n verano 2023<br \/><a href=\"https:\/\/mireiasdream.com\/categoria-producto\/ropa\/vestidos\"><\/a><\/p>\n<p style=\"text-align:justify;\"><a href=\"https:\/\/mireiasdream.com\/categoria-producto\/ropa\/vestidos\">Click para ver m\u00e1s vestidos estilo boho-chic<\/a><\/p><\/p>\n","protected":false},"featured_media":252916,"template":"","meta":{"_et_pb_use_builder":"","_et_pb_old_content":"","_et_gb_content_width":"","_joinchat":[]},"product_brand":[535],"product_cat":[257,258],"product_tag":[326],"class_list":{"0":"post-249022","1":"product","2":"type-product","3":"status-publish","4":"has-post-thumbnail","6":"product_brand-antica-sartoria-en","7":"product_cat-clothing","8":"product_cat-dresses","9":"product_tag-antica-sartoria-en","10":"pa_composicion-polyester","11":"pa_estilo-ibicenco-en","12":"pa_talla-unica-en-2","14":"first","15":"outofstock","16":"taxable","17":"shipping-taxable","18":"purchasable","19":"product-type-variable","20":"has-default-attributes"},"_links":{"self":[{"href":"https:\/\/mireiasdream.com\/en\/wp-json\/wp\/v2\/product\/249022","targetHints":{"allow":["GET"]}}],"collection":[{"href":"https:\/\/mireiasdream.com\/en\/wp-json\/wp\/v2\/product"}],"about":[{"href":"https:\/\/mireiasdream.com\/en\/wp-json\/wp\/v2\/types\/product"}],"wp:featuredmedia":[{"embeddable":true,"href":"https:\/\/mireiasdream.com\/en\/wp-json\/wp\/v2\/media\/252916"}],"wp:attachment":[{"href":"https:\/\/mireiasdream.com\/en\/wp-json\/wp\/v2\/media?parent=249022"}],"wp:term":[{"taxonomy":"product_brand","embeddable":true,"href":"https:\/\/mireiasdream.com\/en\/wp-json\/wp\/v2\/product_brand?post=249022"},{"taxonomy":"product_cat","embeddable":true,"href":"https:\/\/mireiasdream.com\/en\/wp-json\/wp\/v2\/product_cat?post=249022"},{"taxonomy":"product_tag","embeddable":true,"href":"https:\/\/mireiasdream.com\/en\/wp-json\/wp\/v2\/product_tag?post=249022"}],"curies":[{"name":"wp","href":"https:\/\/api.w.org\/{rel}","templated":true}]}}