{"id":249252,"date":"2025-09-09T12:00:26","date_gmt":"2025-09-09T12:00:26","guid":{"rendered":"https:\/\/mireiasdream.com\/producto\/jaase-anna-top-mimosa-print\/"},"modified":"2025-04-11T16:28:40","modified_gmt":"2025-04-11T16:28:40","slug":"blusa-de-jaase-anna-print-mimosa","status":"publish","type":"product","link":"https:\/\/mireiasdream.com\/en\/tienda\/clothing\/blouses\/blusa-de-jaase-anna-print-mimosa\/","title":{"rendered":"Blusa de Jaase Anna print Mimosa"},"content":{"rendered":"<p>Blusa de Jaase de la colecci\u00f3n oto\u00f1o e invierno 2023, de manga larga, en un print perfecto para combinar con muchos de los tonos que decoran esta blusa. Con cuello de pico y en la espalda tambi\u00e9n est\u00e1 levemente terminado en forma de v. Presenta decoraci\u00f3n de encaje de vainica alrededor del cuello y en frontal y espalda de la blusa.<\/p>\n<p>Disponible en cuatro tallas.\u00a0<\/p>\n","protected":false},"excerpt":{"rendered":"<p>Blusa de <a href=\"https:\/\/mireiasdream.com\/marca\/jaase\">Jaase<\/a> con el corte &#8220;Anna&#8221; y estampado &#8220;Mimosa&#8221; de la colecci\u00f3n invierno 2023.<\/p>\n<\/p>\n<p><a href=\"https:\/\/mireiasdream.com\/categoria-producto\/ropa\/blusas\">Click para ver m\u00e1s blusas estilo boho-chic<\/a><\/p><\/p>\n","protected":false},"featured_media":249240,"template":"","meta":{"_et_pb_use_builder":"","_et_pb_old_content":"","_et_gb_content_width":"","_joinchat":[]},"product_brand":[536],"product_cat":[266,257],"product_tag":[354,260],"class_list":{"0":"post-249252","1":"product","2":"type-product","3":"status-publish","4":"has-post-thumbnail","6":"product_brand-jaase-en","7":"product_cat-blouses","8":"product_cat-clothing","9":"product_tag-blouses","10":"product_tag-jaase-en","11":"pa_composicion-100-rayon","12":"pa_estilo-boho-chic-en","13":"pa_talla-l-en-2","14":"pa_talla-m-en-2","15":"pa_talla-s-en-2","16":"pa_talla-xs-en-2","18":"first","19":"instock","20":"sale","21":"taxable","22":"shipping-taxable","23":"purchasable","24":"product-type-variable","25":"has-default-attributes"},"_links":{"self":[{"href":"https:\/\/mireiasdream.com\/en\/wp-json\/wp\/v2\/product\/249252","targetHints":{"allow":["GET"]}}],"collection":[{"href":"https:\/\/mireiasdream.com\/en\/wp-json\/wp\/v2\/product"}],"about":[{"href":"https:\/\/mireiasdream.com\/en\/wp-json\/wp\/v2\/types\/product"}],"wp:featuredmedia":[{"embeddable":true,"href":"https:\/\/mireiasdream.com\/en\/wp-json\/wp\/v2\/media\/249240"}],"wp:attachment":[{"href":"https:\/\/mireiasdream.com\/en\/wp-json\/wp\/v2\/media?parent=249252"}],"wp:term":[{"taxonomy":"product_brand","embeddable":true,"href":"https:\/\/mireiasdream.com\/en\/wp-json\/wp\/v2\/product_brand?post=249252"},{"taxonomy":"product_cat","embeddable":true,"href":"https:\/\/mireiasdream.com\/en\/wp-json\/wp\/v2\/product_cat?post=249252"},{"taxonomy":"product_tag","embeddable":true,"href":"https:\/\/mireiasdream.com\/en\/wp-json\/wp\/v2\/product_tag?post=249252"}],"curies":[{"name":"wp","href":"https:\/\/api.w.org\/{rel}","templated":true}]}}