{"id":249283,"date":"2023-09-18T14:39:08","date_gmt":"2023-09-18T14:39:08","guid":{"rendered":"https:\/\/mireiasdream.com\/producto\/jaase-olivine-print-stephanie-maxi-dress\/"},"modified":"2025-04-11T16:28:38","modified_gmt":"2025-04-11T16:28:38","slug":"vestido-jaase-stephanie-olivine","status":"publish","type":"product","link":"https:\/\/mireiasdream.com\/en\/tienda\/clothing\/dresses\/long-dresses\/vestido-jaase-stephanie-olivine\/","title":{"rendered":"Vestido Jaase Stephanie Olivine"},"content":{"rendered":"<p>El vestido Jaase Stephanie Olivine es una joya de la moda bohemia que te har\u00e1 sentir radiante y con un estilo \u00fanico. Este impresionante vestido es uno de los m\u00e1s emblem\u00e1ticos de la colecci\u00f3n 2023 de Jaase, marca conocida por su dise\u00f1o artesanal y su compromiso con la sostenibilidad.<\/p>\n<p>Concebido en manga larga y tela de viscosa, destaca por sus bellos tonos de la gama de los grises.<\/p>\n<p>Presenta una abotonadura central, que queda interrumpida por la pieza de la cintura que esconde una cinta para ajustar el vestido, y presenta unas mangas con nido de abeja en los pu\u00f1os con una dimensi\u00f3n aproximada de 20 cm. para ofrecer un aspecto abullonado.<\/p>\n<p>Caracter\u00edsticas Principales:<\/p>\n<p>-Dise\u00f1o Boho-Chic<\/p>\n<p>-Tejido de calidad: Hecho con viscosa de alta calidad, este vestido es c\u00f3modo, ligero y transpirable.\u00a0<\/p>\n<p>-Su corte fluido y holgado proporciona comodidad y libertad de movimiento, mientras que el cintur\u00f3n ajustable acent\u00faa tu cintura.<\/p>\n<p>-Detalles: El detalle de las mangas a\u00f1ade un toque especial a este vestido. Adem\u00e1s, cuenta con botones en la parte frontal que lo hacen muy f\u00e1cil de poner y quitar.<\/p>\n<p>-Tallas disponibles:Disponible en las tallas XS, S,M y L, para adaptarse a diferentes tipos de cuerpo.<\/p>\n<p>-Sostenible: Jaase se compromete con la sostenibilidad, utilizando m\u00e9todos de producci\u00f3n responsables y materiales ecol\u00f3gicos.<\/p>\n<\/p>\n<p>-Medidas de contorno de pecho (cm):<\/p>\n<p>XS &#8211; 96<\/p>\n<p>S &#8211; 102<\/p>\n<p>M &#8211; 108<\/p>\n<p>L -112<\/p>\n<\/p>\n<p>-Medidas de largo (cm):<\/p>\n<p>XS &#8211; 131<\/p>\n<p>S &#8211; 131<\/p>\n<p>M &#8211; 133<\/p>\n<p>L &#8211; 134<\/p><\/p>\n","protected":false},"excerpt":{"rendered":"<div class=\"tw-ta-container F0azHf tw-nfl\" id=\"tw-target-text-container\">\n<p class=\"tw-data-text tw-text-large tw-ta\" id=\"tw-target-text\" style=\"text-align:left;\" dir=\"ltr\"><span class=\"Y2IQFc\" xml:lang=\"es\" lang=\"es\">Vestido largo de <\/span><a href=\"https:\/\/mireiasdream.com\/marca\/jaase\">Jaase<\/a>,\u00a0de la colecci\u00f3n oto\u00f1o e invierno 2023 con manga larga y botones hasta la cintura, en tonos grises.<\/p>\n<\/div>\n<p><a href=\"https:\/\/mireiasdream.com\/categoria-producto\/ropa\/vestidos\">Click para ver m\u00e1s vestidos boho<\/a><\/p><\/p>\n","protected":false},"featured_media":253228,"template":"","meta":{"_et_pb_use_builder":"","_et_pb_old_content":"","_et_gb_content_width":"","_joinchat":[]},"product_brand":[536],"product_cat":[257,258,206],"product_tag":[572,260],"class_list":{"0":"post-249283","1":"product","2":"type-product","3":"status-publish","4":"has-post-thumbnail","6":"product_brand-jaase-en","7":"product_cat-clothing","8":"product_cat-dresses","9":"product_cat-long-dresses","10":"product_tag-boho-dresses","11":"product_tag-jaase-en","12":"pa_composicion-100-rayon","13":"pa_estilo-boho-chic-en","14":"pa_talla-l-en-2","15":"pa_talla-m-en-2","16":"pa_talla-s-en-2","17":"pa_talla-xs-en-2","19":"first","20":"instock","21":"sale","22":"taxable","23":"shipping-taxable","24":"purchasable","25":"product-type-variable","26":"has-default-attributes"},"_links":{"self":[{"href":"https:\/\/mireiasdream.com\/en\/wp-json\/wp\/v2\/product\/249283","targetHints":{"allow":["GET"]}}],"collection":[{"href":"https:\/\/mireiasdream.com\/en\/wp-json\/wp\/v2\/product"}],"about":[{"href":"https:\/\/mireiasdream.com\/en\/wp-json\/wp\/v2\/types\/product"}],"wp:featuredmedia":[{"embeddable":true,"href":"https:\/\/mireiasdream.com\/en\/wp-json\/wp\/v2\/media\/253228"}],"wp:attachment":[{"href":"https:\/\/mireiasdream.com\/en\/wp-json\/wp\/v2\/media?parent=249283"}],"wp:term":[{"taxonomy":"product_brand","embeddable":true,"href":"https:\/\/mireiasdream.com\/en\/wp-json\/wp\/v2\/product_brand?post=249283"},{"taxonomy":"product_cat","embeddable":true,"href":"https:\/\/mireiasdream.com\/en\/wp-json\/wp\/v2\/product_cat?post=249283"},{"taxonomy":"product_tag","embeddable":true,"href":"https:\/\/mireiasdream.com\/en\/wp-json\/wp\/v2\/product_tag?post=249283"}],"curies":[{"name":"wp","href":"https:\/\/api.w.org\/{rel}","templated":true}]}}