{"id":249298,"date":"2025-09-09T11:32:12","date_gmt":"2025-09-09T11:32:12","guid":{"rendered":"https:\/\/mireiasdream.com\/producto\/jaase-winter-rose-navy-monroe-dress\/"},"modified":"2025-04-11T16:28:37","modified_gmt":"2025-04-11T16:28:37","slug":"vestido-jaase-monroe-winter-rose-navy","status":"publish","type":"product","link":"https:\/\/mireiasdream.com\/en\/tienda\/clothing\/dresses\/short-dresses\/vestido-jaase-monroe-winter-rose-navy\/","title":{"rendered":"Vestido Jaase Monroe Winter Rose Navy"},"content":{"rendered":"<p>Vestido corto de Jaase estilo baby doll, con cintur\u00f3n para ajustar el vestido a la cintura, de manga larga, con dos peque\u00f1os volantes en la manga; as\u00ed tambi\u00e9n el vestido presenta dos finos volantes horizontales en el frente del mismo, dividiendo la parte frontal del vestido en tres partes, y en la espalda presenta tres finos volantes horizontales. El cuello es de tipo Mao y la zona de la pechera est\u00e1 decorada con jaretas verticales. La tela presenta un bello patr\u00f3n floral sobre un azul muy oscuro, que puede confundirse con negro, si no se compara con otra prenda negra.<\/p>\n<p>-Medidas de contorno de pecho (cm):<\/p>\n<p>XS &#8211; 106<\/p>\n<p>M &#8211; 120<\/p>\n<p>L -125<\/p>\n<\/p>\n<p>-Medidas de largo (cm):<\/p>\n<p>XS &#8211; 84<\/p>\n<p>M &#8211; 84<\/p>\n<p>L &#8211; 87<\/p><\/p>\n","protected":false},"excerpt":{"rendered":"<div class=\"tw-ta-container F0azHf tw-nfl\" id=\"tw-target-text-container\">\n<p class=\"tw-data-text tw-text-large tw-ta\" id=\"tw-target-text\" style=\"text-align:left;\" dir=\"ltr\"><span class=\"Y2IQFc\" xml:lang=\"es\" lang=\"es\">Vestido corto\u00a0<\/span><a href=\"https:\/\/mireiasdream.com\/marca\/jaase\">Jaase<\/a>\u00a0de manga larga<span class=\"Y2IQFc\" xml:lang=\"es\" lang=\"es\">, en estampado Winter Rose Navy, modelo Monroe, de la colecci\u00f3n oto\u00f1o e invierno 2023 -2024. <br \/><\/span><\/p>\n<\/div>\n<p><a href=\"https:\/\/mireiasdream.com\/categoria-producto\/ropa\/vestidos\">Click para ver m\u00e1s vestidos boho<\/a><\/p><\/p>\n","protected":false},"featured_media":253249,"template":"","meta":{"_et_pb_use_builder":"","_et_pb_old_content":"","_et_gb_content_width":"","_joinchat":[]},"product_brand":[536],"product_cat":[257,258,289],"product_tag":[572,260],"class_list":{"0":"post-249298","1":"product","2":"type-product","3":"status-publish","4":"has-post-thumbnail","6":"product_brand-jaase-en","7":"product_cat-clothing","8":"product_cat-dresses","9":"product_cat-short-dresses","10":"product_tag-boho-dresses","11":"product_tag-jaase-en","12":"pa_composicion-100-rayon","13":"pa_estilo-boho-chic-en","14":"pa_talla-l-en-2","15":"pa_talla-m-en-2","16":"pa_talla-xs-en-2","18":"first","19":"instock","20":"sale","21":"taxable","22":"shipping-taxable","23":"purchasable","24":"product-type-variable","25":"has-default-attributes"},"_links":{"self":[{"href":"https:\/\/mireiasdream.com\/en\/wp-json\/wp\/v2\/product\/249298","targetHints":{"allow":["GET"]}}],"collection":[{"href":"https:\/\/mireiasdream.com\/en\/wp-json\/wp\/v2\/product"}],"about":[{"href":"https:\/\/mireiasdream.com\/en\/wp-json\/wp\/v2\/types\/product"}],"wp:featuredmedia":[{"embeddable":true,"href":"https:\/\/mireiasdream.com\/en\/wp-json\/wp\/v2\/media\/253249"}],"wp:attachment":[{"href":"https:\/\/mireiasdream.com\/en\/wp-json\/wp\/v2\/media?parent=249298"}],"wp:term":[{"taxonomy":"product_brand","embeddable":true,"href":"https:\/\/mireiasdream.com\/en\/wp-json\/wp\/v2\/product_brand?post=249298"},{"taxonomy":"product_cat","embeddable":true,"href":"https:\/\/mireiasdream.com\/en\/wp-json\/wp\/v2\/product_cat?post=249298"},{"taxonomy":"product_tag","embeddable":true,"href":"https:\/\/mireiasdream.com\/en\/wp-json\/wp\/v2\/product_tag?post=249298"}],"curies":[{"name":"wp","href":"https:\/\/api.w.org\/{rel}","templated":true}]}}