{"id":249312,"date":"2023-10-20T17:35:04","date_gmt":"2023-10-20T17:35:04","guid":{"rendered":"https:\/\/mireiasdream.com\/producto\/jaase-nomad-knit\/"},"modified":"2025-04-11T16:28:37","modified_gmt":"2025-04-11T16:28:37","slug":"chaqueta-jaase-nomad-knit","status":"publish","type":"product","link":"https:\/\/mireiasdream.com\/en\/tienda\/clothing\/jackets\/chaqueta-jaase-nomad-knit\/","title":{"rendered":"Chaqueta Jaase Nomad Knit"},"content":{"rendered":"<p>Este invierno podr\u00e1s llevar tus prendas de Jaase combin\u00e1ndolas con esta bonita chaqueta de punto en color blanco, roto, dise\u00f1ada con punto de arroz y ochos en la parte frontal de la chaqueta y ochos en la parte trasera de la misma.\u00a0<\/p>\n<p>-Medidas de contorno de pecho (cm):<\/p>\n<p>S-M &#8211; 104<\/p>\n<p>M-L -112<\/p>\n<p>-Medidas de largo (cm):<\/p>\n<p>S-M &#8211; 82<\/p>\n<p>M-L -83<\/p>\n<\/p>\n<p>Fabricado en Espa\u00f1a.\u00a0<\/p>\n<p>Composici\u00f3n:<\/p>\n<p>9 % lana 9 % viscosa 70 % acr\u00edlico 12 % poliamida<\/p>\n","protected":false},"excerpt":{"rendered":"<p style=\"text-align:justify;\">Chaqueta de\u00a0<a href=\"https:\/\/mireiasdream.com\/marca\/jaase\">Jaase<\/a> de punto para atar o llevarla abrochada, color blanco roto, disponible en dos tallas, S-M y M-L, de la temporada oto\u00f1o-invierno 2023.<\/p><\/p>\n","protected":false},"featured_media":253268,"template":"","meta":{"_et_pb_use_builder":"","_et_pb_old_content":"","_et_gb_content_width":"","_joinchat":[]},"product_brand":[536],"product_cat":[257,272],"product_tag":[260],"class_list":{"0":"post-249312","1":"product","2":"type-product","3":"status-publish","4":"has-post-thumbnail","6":"product_brand-jaase-en","7":"product_cat-clothing","8":"product_cat-jackets","9":"product_tag-jaase-en","10":"pa_estilo-boho-chic-en","11":"pa_talla-ml-en-2","12":"pa_talla-sm-en-2","14":"first","15":"outofstock","16":"sale","17":"taxable","18":"shipping-taxable","19":"purchasable","20":"product-type-variable","21":"has-default-attributes"},"_links":{"self":[{"href":"https:\/\/mireiasdream.com\/en\/wp-json\/wp\/v2\/product\/249312","targetHints":{"allow":["GET"]}}],"collection":[{"href":"https:\/\/mireiasdream.com\/en\/wp-json\/wp\/v2\/product"}],"about":[{"href":"https:\/\/mireiasdream.com\/en\/wp-json\/wp\/v2\/types\/product"}],"wp:featuredmedia":[{"embeddable":true,"href":"https:\/\/mireiasdream.com\/en\/wp-json\/wp\/v2\/media\/253268"}],"wp:attachment":[{"href":"https:\/\/mireiasdream.com\/en\/wp-json\/wp\/v2\/media?parent=249312"}],"wp:term":[{"taxonomy":"product_brand","embeddable":true,"href":"https:\/\/mireiasdream.com\/en\/wp-json\/wp\/v2\/product_brand?post=249312"},{"taxonomy":"product_cat","embeddable":true,"href":"https:\/\/mireiasdream.com\/en\/wp-json\/wp\/v2\/product_cat?post=249312"},{"taxonomy":"product_tag","embeddable":true,"href":"https:\/\/mireiasdream.com\/en\/wp-json\/wp\/v2\/product_tag?post=249312"}],"curies":[{"name":"wp","href":"https:\/\/api.w.org\/{rel}","templated":true}]}}