{"id":249322,"date":"2023-10-23T18:10:08","date_gmt":"2023-10-23T18:10:08","guid":{"rendered":"https:\/\/mireiasdream.com\/producto\/boho-knit-sweater-vintage\/"},"modified":"2025-04-07T17:39:32","modified_gmt":"2025-04-07T17:39:32","slug":"jersey-punto-boho-vintage","status":"publish","type":"product","link":"https:\/\/mireiasdream.com\/en\/tienda\/clothing\/sweaters\/jersey-punto-boho-vintage\/","title":{"rendered":"Jersey punto boho vintage"},"content":{"rendered":"<p>Estos jers\u00e9is de punto destacan por la suavidad de su tejido de modal y viscosa y por su bonita ca\u00edda. Un imprescindible para esos d\u00edas de oto\u00f1o o primavera en los que hay que empezar a abrigarse t\u00edmidamente con telas c\u00e1lidas pero livianas. Disponible en dos colores, beige y camel, y talla \u00fanica.<\/p>\n<p>Composici\u00f3n: 55% modal, 45% viscosa<\/p>\n<p>Contorno pecho: 118 cm<\/p>\n<p>Longitud: 68 cm<\/p>\n","protected":false},"excerpt":{"rendered":"<p>Bonito jersey estilo boho de punto fino, ideal para entretiempo, con cuello de pico y letras bordadas. Disponible en talla \u00fanica y colores camel y beis.<\/p>\n","protected":false},"featured_media":253289,"template":"","meta":{"_et_pb_use_builder":"","_et_pb_old_content":"","_et_gb_content_width":"","_joinchat":[]},"product_brand":[537],"product_cat":[257,281],"product_tag":[366,363],"class_list":{"0":"post-249322","1":"product","2":"type-product","3":"status-publish","4":"has-post-thumbnail","6":"product_brand-mireias-dream-en","7":"product_cat-clothing","8":"product_cat-sweaters","9":"product_tag-boho-clothing","10":"product_tag-sweater","11":"pa_color-beige-en","12":"pa_color-camel-en","13":"pa_estilo-boho-chic-en","14":"pa_talla-unica-en-2","16":"first","17":"instock","18":"taxable","19":"shipping-taxable","20":"purchasable","21":"product-type-variable","22":"has-default-attributes"},"_links":{"self":[{"href":"https:\/\/mireiasdream.com\/en\/wp-json\/wp\/v2\/product\/249322","targetHints":{"allow":["GET"]}}],"collection":[{"href":"https:\/\/mireiasdream.com\/en\/wp-json\/wp\/v2\/product"}],"about":[{"href":"https:\/\/mireiasdream.com\/en\/wp-json\/wp\/v2\/types\/product"}],"wp:featuredmedia":[{"embeddable":true,"href":"https:\/\/mireiasdream.com\/en\/wp-json\/wp\/v2\/media\/253289"}],"wp:attachment":[{"href":"https:\/\/mireiasdream.com\/en\/wp-json\/wp\/v2\/media?parent=249322"}],"wp:term":[{"taxonomy":"product_brand","embeddable":true,"href":"https:\/\/mireiasdream.com\/en\/wp-json\/wp\/v2\/product_brand?post=249322"},{"taxonomy":"product_cat","embeddable":true,"href":"https:\/\/mireiasdream.com\/en\/wp-json\/wp\/v2\/product_cat?post=249322"},{"taxonomy":"product_tag","embeddable":true,"href":"https:\/\/mireiasdream.com\/en\/wp-json\/wp\/v2\/product_tag?post=249322"}],"curies":[{"name":"wp","href":"https:\/\/api.w.org\/{rel}","templated":true}]}}