{"id":249337,"date":"2023-10-25T17:15:08","date_gmt":"2023-10-25T17:15:08","guid":{"rendered":"https:\/\/mireiasdream.com\/producto\/boho-chunky-knit-sweater\/"},"modified":"2026-04-15T15:11:27","modified_gmt":"2026-04-15T15:11:27","slug":"jersey-boho-punto-grueso","status":"publish","type":"product","link":"https:\/\/mireiasdream.com\/en\/tienda\/ropa\/jerseis\/jersey-boho-punto-grueso\/","title":{"rendered":"Jersey boho punto grueso"},"content":{"rendered":"<p>Jersey de punto con cuello de pico, de corte amplio, tejido en una variaci\u00f3n de punto ingl\u00e9s, con un hilo compuesto por un 80 % de acr\u00edlico y un 20 % de nailon. Se puede combinar con leggins ajustados, y botines o un pantal\u00f3n pitillo. Otra forma ser\u00eda utilizarlo como prenda superior a un vestido b\u00e1sico corto con minifalda con un poco de vuelo.\u00a0<br \/>Disponible en dos colores y talla \u00fanica.<\/p>\n<p>Contorno de pecho: 124 cm.<\/p>\n<p>Longitud: 72 cm.<\/p><\/p>\n","protected":false},"excerpt":{"rendered":"<p>Este c\u00e1lido jersey estilo boho de punto grueso y cuello de pico es un b\u00e1sico perfecto para invierno. Disponible en talla \u00fanica y colores camel y beis.<\/p>\n","protected":false},"featured_media":253304,"template":"","meta":{"_et_pb_use_builder":"","_et_pb_old_content":"","_et_gb_content_width":"","_joinchat":[]},"product_brand":[537],"product_cat":[257,281],"product_tag":[366,363],"class_list":{"0":"post-249337","1":"product","2":"type-product","3":"status-publish","4":"has-post-thumbnail","6":"product_brand-mireias-dream-en","7":"product_cat-clothing","8":"product_cat-sweaters","9":"product_tag-boho-clothing","10":"product_tag-sweater","11":"pa_color-beige-en","12":"pa_color-camel-en","13":"pa_estilo-boho-chic-en","14":"pa_talla-unica-en-2","16":"first","17":"outofstock","18":"taxable","19":"shipping-taxable","20":"purchasable","21":"product-type-variable","22":"has-default-attributes"},"_links":{"self":[{"href":"https:\/\/mireiasdream.com\/en\/wp-json\/wp\/v2\/product\/249337","targetHints":{"allow":["GET"]}}],"collection":[{"href":"https:\/\/mireiasdream.com\/en\/wp-json\/wp\/v2\/product"}],"about":[{"href":"https:\/\/mireiasdream.com\/en\/wp-json\/wp\/v2\/types\/product"}],"wp:featuredmedia":[{"embeddable":true,"href":"https:\/\/mireiasdream.com\/en\/wp-json\/wp\/v2\/media\/253304"}],"wp:attachment":[{"href":"https:\/\/mireiasdream.com\/en\/wp-json\/wp\/v2\/media?parent=249337"}],"wp:term":[{"taxonomy":"product_brand","embeddable":true,"href":"https:\/\/mireiasdream.com\/en\/wp-json\/wp\/v2\/product_brand?post=249337"},{"taxonomy":"product_cat","embeddable":true,"href":"https:\/\/mireiasdream.com\/en\/wp-json\/wp\/v2\/product_cat?post=249337"},{"taxonomy":"product_tag","embeddable":true,"href":"https:\/\/mireiasdream.com\/en\/wp-json\/wp\/v2\/product_tag?post=249337"}],"curies":[{"name":"wp","href":"https:\/\/api.w.org\/{rel}","templated":true}]}}