{"id":249344,"date":"2023-11-19T12:33:05","date_gmt":"2023-11-19T12:33:05","guid":{"rendered":"https:\/\/mireiasdream.com\/producto\/thick-knit-boho-sweater-v-neck\/"},"modified":"2025-03-20T14:04:56","modified_gmt":"2025-03-20T14:04:56","slug":"jersey-boho-punto-grueso-cuello-pico","status":"publish","type":"product","link":"https:\/\/mireiasdream.com\/en\/tienda\/clothing\/sweaters\/jersey-boho-punto-grueso-cuello-pico\/","title":{"rendered":"Jersey boho punto grueso cuello pico"},"content":{"rendered":"<p>Los jers\u00e9is gorditos para oto\u00f1o e invierno son unos aliados indispensables para crear un outfit boho para los meses m\u00e1s fr\u00edos sin complicarnos demasiado.\u00a0<br \/>Este ejemplar es perfecto para las m\u00e1s frioleras. Confeccionado en punto liso y color caqui, estilo oversize y cuello de pico, costuras vistas en las uniones de los hombros de la pieza delantera y la trasera, as\u00ed como en las uniones del jersey con las mangas, comb\u00ednalo con leggins y botines boho o tambi\u00e9n con una falda larga y unas sneakers. <\/p>\n<p>Composici\u00f3n:<\/p>\n<p>10% viscosa,10% lana, 55% acr\u00edlico y 25% fibras polim\u00e9ricas<\/p>\n<p>Contorno de pecho: 132 cm.<\/p>\n<p>Largo: 75 cm.<\/p>\n","protected":false},"excerpt":{"rendered":"<p>Jersey de punto grueso estilo boho, cuello de pico, en color caqui, estilo oversize, elaborado con lana y otras fibras polim\u00e9ricas, disponible en talla \u00fanica.\u00a0<\/p>\n","protected":false},"featured_media":249340,"template":"","meta":{"_et_pb_use_builder":"","_et_pb_old_content":"","_et_gb_content_width":"","_joinchat":[]},"product_brand":[537],"product_cat":[257,281],"product_tag":[],"class_list":{"0":"post-249344","1":"product","2":"type-product","3":"status-publish","4":"has-post-thumbnail","6":"product_brand-mireias-dream-en","7":"product_cat-clothing","8":"product_cat-sweaters","9":"pa_color-kaki-en","10":"pa_talla-unica-en-2","12":"first","13":"instock","14":"taxable","15":"shipping-taxable","16":"purchasable","17":"product-type-variable","18":"has-default-attributes"},"_links":{"self":[{"href":"https:\/\/mireiasdream.com\/en\/wp-json\/wp\/v2\/product\/249344","targetHints":{"allow":["GET"]}}],"collection":[{"href":"https:\/\/mireiasdream.com\/en\/wp-json\/wp\/v2\/product"}],"about":[{"href":"https:\/\/mireiasdream.com\/en\/wp-json\/wp\/v2\/types\/product"}],"wp:featuredmedia":[{"embeddable":true,"href":"https:\/\/mireiasdream.com\/en\/wp-json\/wp\/v2\/media\/249340"}],"wp:attachment":[{"href":"https:\/\/mireiasdream.com\/en\/wp-json\/wp\/v2\/media?parent=249344"}],"wp:term":[{"taxonomy":"product_brand","embeddable":true,"href":"https:\/\/mireiasdream.com\/en\/wp-json\/wp\/v2\/product_brand?post=249344"},{"taxonomy":"product_cat","embeddable":true,"href":"https:\/\/mireiasdream.com\/en\/wp-json\/wp\/v2\/product_cat?post=249344"},{"taxonomy":"product_tag","embeddable":true,"href":"https:\/\/mireiasdream.com\/en\/wp-json\/wp\/v2\/product_tag?post=249344"}],"curies":[{"name":"wp","href":"https:\/\/api.w.org\/{rel}","templated":true}]}}