{"id":249403,"date":"2024-02-29T23:39:41","date_gmt":"2024-02-29T23:39:41","guid":{"rendered":"https:\/\/mireiasdream.com\/producto\/jaase-nirvana-print-krista-dress\/"},"modified":"2025-04-07T17:39:34","modified_gmt":"2025-04-07T17:39:34","slug":"vestido-jaase-krista-print-nirvana","status":"publish","type":"product","link":"https:\/\/mireiasdream.com\/en\/tienda\/clothing\/dresses\/vestido-jaase-krista-print-nirvana\/","title":{"rendered":"Vestido Jaase Krista print Nirvana"},"content":{"rendered":"<p>El vestido Krista de Jaase es un cl\u00e1sico de la marca y presenta un estilo bohemio con detalles \u00fanicos. Este 2024 Jaase lo reedita en el estampado Nirvana, en tonos azul el\u00e9ctrico y estampado paisley. Con volantes en las mangas, y una tira para ajustar el vestido, lo podr\u00e1s llevar para un look casual o tambi\u00e9n en eventos m\u00e1s formales con un toque relajado y bohemio.<\/p>\n","protected":false},"excerpt":{"rendered":"<p>Vestido\u00a0<span class=\"Y2IQFc\" lang=\"es\" xml:lang=\"es\"><\/span><a href=\"https:\/\/mireiasdream.com\/marca\/jaase\">Jaase<\/a> largo, de la colecci\u00f3n primavera 2024, con cuello de pico y volante en mangas, con estampado paisley en azul.<\/p>\n<p><a href=\"https:\/\/mireiasdream.com\/categoria-producto\/ropa\/vestidos\">Click para ver m\u00e1s vestidos boho<\/a><\/p>\n","protected":false},"featured_media":253376,"template":"","meta":{"_et_pb_use_builder":"","_et_pb_old_content":"","_et_gb_content_width":"","_joinchat":[]},"product_brand":[536],"product_cat":[257,258],"product_tag":[],"class_list":{"0":"post-249403","1":"product","2":"type-product","3":"status-publish","4":"has-post-thumbnail","6":"product_brand-jaase-en","7":"product_cat-clothing","8":"product_cat-dresses","9":"pa_composicion-100-rayon","10":"pa_estilo-boho-chic-en","11":"pa_talla-l-en-2","12":"pa_talla-m-en-2","13":"pa_talla-s-en-2","15":"first","16":"instock","17":"sale","18":"taxable","19":"shipping-taxable","20":"purchasable","21":"product-type-variable","22":"has-default-attributes"},"_links":{"self":[{"href":"https:\/\/mireiasdream.com\/en\/wp-json\/wp\/v2\/product\/249403","targetHints":{"allow":["GET"]}}],"collection":[{"href":"https:\/\/mireiasdream.com\/en\/wp-json\/wp\/v2\/product"}],"about":[{"href":"https:\/\/mireiasdream.com\/en\/wp-json\/wp\/v2\/types\/product"}],"wp:featuredmedia":[{"embeddable":true,"href":"https:\/\/mireiasdream.com\/en\/wp-json\/wp\/v2\/media\/253376"}],"wp:attachment":[{"href":"https:\/\/mireiasdream.com\/en\/wp-json\/wp\/v2\/media?parent=249403"}],"wp:term":[{"taxonomy":"product_brand","embeddable":true,"href":"https:\/\/mireiasdream.com\/en\/wp-json\/wp\/v2\/product_brand?post=249403"},{"taxonomy":"product_cat","embeddable":true,"href":"https:\/\/mireiasdream.com\/en\/wp-json\/wp\/v2\/product_cat?post=249403"},{"taxonomy":"product_tag","embeddable":true,"href":"https:\/\/mireiasdream.com\/en\/wp-json\/wp\/v2\/product_tag?post=249403"}],"curies":[{"name":"wp","href":"https:\/\/api.w.org\/{rel}","templated":true}]}}