{"id":249583,"date":"2024-04-04T18:25:45","date_gmt":"2024-04-04T18:25:45","guid":{"rendered":"https:\/\/mireiasdream.com\/producto\/jaase-rosabella-paris-maxi-dress\/"},"modified":"2025-03-20T14:05:13","modified_gmt":"2025-03-20T14:05:13","slug":"vestido-jaase-paris-print-rosabella","status":"publish","type":"product","link":"https:\/\/mireiasdream.com\/en\/tienda\/clothing\/dresses\/vestido-jaase-paris-print-rosabella\/","title":{"rendered":"Vestido Jaase Paris print Rosabella"},"content":{"rendered":"<p> El vestido Paris de Jaase, en el print Rosabella es ideal por sus colores y su corte relajado. Los tonos de su tela son perfectos para la primavera, y podr\u00e1s llevarlo ajustado a la cintura gracias al cintur\u00f3n de tela incorporado al vestido, tambi\u00e9n con un cintur\u00f3n que tengas en tu armario y combine, o puedes optar por prescindir del mismo para un look m\u00e1s hippie. Con manga francesa abullonada y frunces en la espalda y en la parte delantera del vestido, con dos volantes en la parte inferior, el vestido Jaase Paris print Rosabella, puede ser un imprescindible en tu armario este verano. <\/p>\n","protected":false},"excerpt":{"rendered":"<p>Vestido largo de <span class=\"Y2IQFc\" lang=\"es\" xml:lang=\"es\"><\/span><a href=\"https:\/\/mireiasdream.com\/marca\/jaase\">Jaase<\/a> del 2024, de manga francesa abullonada, cuello en V y corte holgado en print Rosabella.\u00a0<\/p>\n<p><a href=\"https:\/\/mireiasdream.com\/categoria-producto\/ropa\/vestidos\">Click para  m\u00e1s vestidos boho<\/a><\/p>\n","protected":false},"featured_media":253682,"template":"","meta":{"_et_pb_use_builder":"","_et_pb_old_content":"","_et_gb_content_width":"","_joinchat":[]},"product_brand":[536],"product_cat":[257,258],"product_tag":[],"class_list":{"0":"post-249583","1":"product","2":"type-product","3":"status-publish","4":"has-post-thumbnail","6":"product_brand-jaase-en","7":"product_cat-clothing","8":"product_cat-dresses","9":"pa_composicion-100-rayon","10":"pa_estilo-boho-chic-en","11":"pa_talla-l-en-2","12":"pa_talla-s-en-2","13":"pa_talla-xs-en-2","15":"first","16":"instock","17":"sale","18":"taxable","19":"shipping-taxable","20":"purchasable","21":"product-type-variable","22":"has-default-attributes"},"_links":{"self":[{"href":"https:\/\/mireiasdream.com\/en\/wp-json\/wp\/v2\/product\/249583","targetHints":{"allow":["GET"]}}],"collection":[{"href":"https:\/\/mireiasdream.com\/en\/wp-json\/wp\/v2\/product"}],"about":[{"href":"https:\/\/mireiasdream.com\/en\/wp-json\/wp\/v2\/types\/product"}],"wp:featuredmedia":[{"embeddable":true,"href":"https:\/\/mireiasdream.com\/en\/wp-json\/wp\/v2\/media\/253682"}],"wp:attachment":[{"href":"https:\/\/mireiasdream.com\/en\/wp-json\/wp\/v2\/media?parent=249583"}],"wp:term":[{"taxonomy":"product_brand","embeddable":true,"href":"https:\/\/mireiasdream.com\/en\/wp-json\/wp\/v2\/product_brand?post=249583"},{"taxonomy":"product_cat","embeddable":true,"href":"https:\/\/mireiasdream.com\/en\/wp-json\/wp\/v2\/product_cat?post=249583"},{"taxonomy":"product_tag","embeddable":true,"href":"https:\/\/mireiasdream.com\/en\/wp-json\/wp\/v2\/product_tag?post=249583"}],"curies":[{"name":"wp","href":"https:\/\/api.w.org\/{rel}","templated":true}]}}