{"id":249598,"date":"2024-04-08T18:55:09","date_gmt":"2024-04-08T18:55:09","guid":{"rendered":"https:\/\/mireiasdream.com\/producto\/jaase-petal-aqua-midi-dress\/"},"modified":"2026-01-09T10:32:08","modified_gmt":"2026-01-09T10:32:08","slug":"vestido-jaase-midi-petal-aqua","status":"publish","type":"product","link":"https:\/\/mireiasdream.com\/en\/tienda\/clothing\/dresses\/vestido-jaase-midi-petal-aqua\/","title":{"rendered":"Vestido Jaase midi Petal Aqua"},"content":{"rendered":"<p> Este vestido de Jaase resulta ideal para quienes buscan un vestido de verano fresco, c\u00f3modo y elegante. Con una largura midi y un corte ajustado a la cintura, escote cuello de barco que podr\u00e1s llevar sobre los hombros o ajustarlo si quieres mostrar los hombros para un look m\u00e1s atrevido, podr\u00e1s usarlo en tu d\u00eda a d\u00eda, bien para trabajar en la oficina, un paseo por la tarde con amigas o una velada m\u00e1s formal. Adem\u00e1s, el print Petal Aqua no pasa desapercibido, con sus tonos suaves y veraniegos.<\/p>\n","protected":false},"excerpt":{"rendered":"<p>Vestido midi de <span class=\"Y2IQFc\" lang=\"es\" xml:lang=\"es\"><\/span><a href=\"https:\/\/mireiasdream.com\/en\/marca\/jaase-en\/\">Jaase<\/a> de la temporada 2024, con manga abullonada, escote off shouder en print Petal Aqua.\u00a0<\/p>\n<p><a href=\"https:\/\/mireiasdream.com\/en\/categoria-producto\/clothing\/dresses\/\">Click para  m\u00e1s vestidos boho<\/a><\/p>\n","protected":false},"featured_media":249588,"template":"","meta":{"_et_pb_use_builder":"","_et_pb_old_content":"","_et_gb_content_width":"","_joinchat":[]},"product_brand":[],"product_cat":[257,258],"product_tag":[],"class_list":{"0":"post-249598","1":"product","2":"type-product","3":"status-publish","4":"has-post-thumbnail","6":"product_cat-clothing","7":"product_cat-dresses","8":"pa_composicion-100-rayon","9":"pa_estilo-boho-chic-en","10":"pa_talla-l-en-2","11":"pa_talla-m-en-2","12":"pa_talla-xs-en-2","14":"first","15":"instock","16":"taxable","17":"shipping-taxable","18":"purchasable","19":"product-type-variable"},"_links":{"self":[{"href":"https:\/\/mireiasdream.com\/en\/wp-json\/wp\/v2\/product\/249598","targetHints":{"allow":["GET"]}}],"collection":[{"href":"https:\/\/mireiasdream.com\/en\/wp-json\/wp\/v2\/product"}],"about":[{"href":"https:\/\/mireiasdream.com\/en\/wp-json\/wp\/v2\/types\/product"}],"wp:featuredmedia":[{"embeddable":true,"href":"https:\/\/mireiasdream.com\/en\/wp-json\/wp\/v2\/media\/249588"}],"wp:attachment":[{"href":"https:\/\/mireiasdream.com\/en\/wp-json\/wp\/v2\/media?parent=249598"}],"wp:term":[{"taxonomy":"product_brand","embeddable":true,"href":"https:\/\/mireiasdream.com\/en\/wp-json\/wp\/v2\/product_brand?post=249598"},{"taxonomy":"product_cat","embeddable":true,"href":"https:\/\/mireiasdream.com\/en\/wp-json\/wp\/v2\/product_cat?post=249598"},{"taxonomy":"product_tag","embeddable":true,"href":"https:\/\/mireiasdream.com\/en\/wp-json\/wp\/v2\/product_tag?post=249598"}],"curies":[{"name":"wp","href":"https:\/\/api.w.org\/{rel}","templated":true}]}}