{"id":249630,"date":"2024-04-11T18:15:57","date_gmt":"2024-04-11T18:15:57","guid":{"rendered":"https:\/\/mireiasdream.com\/producto\/antica-sartoria-ibiza-29-dress\/"},"modified":"2025-03-20T14:05:17","modified_gmt":"2025-03-20T14:05:17","slug":"vestido-antica-sartoria-ibiza-29","status":"publish","type":"product","link":"https:\/\/mireiasdream.com\/en\/tienda\/clothing\/dresses\/short-dresses\/vestido-antica-sartoria-ibiza-29\/","title":{"rendered":"Vestido Antica Sartoria Ibiza 29"},"content":{"rendered":"<p> Vestido boho corto de verano, con manga larga acampanada, escote pronunciado hasta el corte de la cintura, en forma de pico, un estampado muy mediterr\u00e1neo y tela muy fresca de algod\u00f3n. Ajusta la cintura mediante goma y decoraci\u00f3n con abalorios de la parte que rodea el escote. Seguro que quedar\u00e1s prendada de sus colores. <\/p>\n","protected":false},"excerpt":{"rendered":"<p>Vestido corto de <a href=\"https:\/\/mireiasdream.com\/marca\/antica-sartoria\">Antica Sartoria<\/a>, del 2024, colecci\u00f3n Leoni al Sole disponible en dos colores y talla \u00fanica.<\/p>\n<p class=\"tw-data-text tw-text-large tw-ta\" style=\"text-align:left;\" dir=\"ltr\">\n<p><a href=\"https:\/\/mireiasdream.com\/categoria-producto\/ropa\/vestidos\">Click para  m\u00e1s vestidos boho<\/a><\/p>\n","protected":false},"featured_media":253751,"template":"","meta":{"_et_pb_use_builder":"","_et_pb_old_content":"","_et_gb_content_width":"","_joinchat":[]},"product_brand":[535],"product_cat":[257,258,289],"product_tag":[],"class_list":{"0":"post-249630","1":"product","2":"type-product","3":"status-publish","4":"has-post-thumbnail","6":"product_brand-antica-sartoria-en","7":"product_cat-clothing","8":"product_cat-dresses","9":"product_cat-short-dresses","10":"pa_color-turquesa-en","11":"pa_composicion-100-cotton","12":"pa_estilo-boho-chic-en","13":"pa_talla-unica-en-2","15":"first","16":"outofstock","17":"taxable","18":"shipping-taxable","19":"purchasable","20":"product-type-variable","21":"has-default-attributes"},"_links":{"self":[{"href":"https:\/\/mireiasdream.com\/en\/wp-json\/wp\/v2\/product\/249630","targetHints":{"allow":["GET"]}}],"collection":[{"href":"https:\/\/mireiasdream.com\/en\/wp-json\/wp\/v2\/product"}],"about":[{"href":"https:\/\/mireiasdream.com\/en\/wp-json\/wp\/v2\/types\/product"}],"wp:featuredmedia":[{"embeddable":true,"href":"https:\/\/mireiasdream.com\/en\/wp-json\/wp\/v2\/media\/253751"}],"wp:attachment":[{"href":"https:\/\/mireiasdream.com\/en\/wp-json\/wp\/v2\/media?parent=249630"}],"wp:term":[{"taxonomy":"product_brand","embeddable":true,"href":"https:\/\/mireiasdream.com\/en\/wp-json\/wp\/v2\/product_brand?post=249630"},{"taxonomy":"product_cat","embeddable":true,"href":"https:\/\/mireiasdream.com\/en\/wp-json\/wp\/v2\/product_cat?post=249630"},{"taxonomy":"product_tag","embeddable":true,"href":"https:\/\/mireiasdream.com\/en\/wp-json\/wp\/v2\/product_tag?post=249630"}],"curies":[{"name":"wp","href":"https:\/\/api.w.org\/{rel}","templated":true}]}}