{"id":249959,"date":"2024-06-12T17:32:21","date_gmt":"2024-06-12T17:32:21","guid":{"rendered":"https:\/\/mireiasdream.com\/producto\/boho-long-sleeved-embroidered-blouse\/"},"modified":"2025-03-20T14:06:55","modified_gmt":"2025-03-20T14:06:55","slug":"blusa-boho-bordada-manga-larga","status":"publish","type":"product","link":"https:\/\/mireiasdream.com\/en\/tienda\/clothing\/blouses\/blusa-boho-bordada-manga-larga\/","title":{"rendered":"Blusa boho bordada manga larga"},"content":{"rendered":"<p>Blusa boho chic de corte holgado, manga larga abullonada con bot\u00f3n en el pu\u00f1o y bordados \u00e9tnicos color ocre. Cuello redondeado con abertura en V con cordones. Disponible en tallas S\/M y M\/L, elaborado en tela fresca de algod\u00f3n y lino que se plancha f\u00e1cilmente con vapor. Composici\u00f3n: 55% algod\u00f3n, 45% lino.<\/p>\n<p>Medidas de contorno de pecho (cm):<\/p>\n<p>S-M &#8211;\u00a0115<\/p>\n<p>M-L &#8211; 124<\/p>\n<p>medidas de largo:<\/p>\n<p>S-M &#8211; 62<\/p>\n<p>M-L &#8211; 64<\/p>\n","protected":false},"excerpt":{"rendered":"<p> Blusa boho de manga larga con bordados color ocre, corte recto y cuello redondo con cordones.<\/p>\n<p class=\"tw-data-text tw-text-large tw-ta\" style=\"text-align:left;\" dir=\"ltr\">\n<p><a href=\"https:\/\/mireiasdream.com\/categoria-producto\/ropa\/blusas\">Click para  m\u00e1s blusas boho<\/a><\/p>\n","protected":false},"featured_media":254243,"template":"","meta":{"_et_pb_use_builder":"","_et_pb_old_content":"","_et_gb_content_width":"","_joinchat":[]},"product_brand":[537],"product_cat":[266,257],"product_tag":[],"class_list":{"0":"post-249959","1":"product","2":"type-product","3":"status-publish","4":"has-post-thumbnail","6":"product_brand-mireias-dream-en","7":"product_cat-blouses","8":"product_cat-clothing","9":"pa_estilo-boho-chic-en","10":"pa_talla-ml-en-2","11":"pa_talla-sm-en-2","13":"first","14":"instock","15":"taxable","16":"shipping-taxable","17":"purchasable","18":"product-type-variable","19":"has-default-attributes"},"_links":{"self":[{"href":"https:\/\/mireiasdream.com\/en\/wp-json\/wp\/v2\/product\/249959","targetHints":{"allow":["GET"]}}],"collection":[{"href":"https:\/\/mireiasdream.com\/en\/wp-json\/wp\/v2\/product"}],"about":[{"href":"https:\/\/mireiasdream.com\/en\/wp-json\/wp\/v2\/types\/product"}],"wp:featuredmedia":[{"embeddable":true,"href":"https:\/\/mireiasdream.com\/en\/wp-json\/wp\/v2\/media\/254243"}],"wp:attachment":[{"href":"https:\/\/mireiasdream.com\/en\/wp-json\/wp\/v2\/media?parent=249959"}],"wp:term":[{"taxonomy":"product_brand","embeddable":true,"href":"https:\/\/mireiasdream.com\/en\/wp-json\/wp\/v2\/product_brand?post=249959"},{"taxonomy":"product_cat","embeddable":true,"href":"https:\/\/mireiasdream.com\/en\/wp-json\/wp\/v2\/product_cat?post=249959"},{"taxonomy":"product_tag","embeddable":true,"href":"https:\/\/mireiasdream.com\/en\/wp-json\/wp\/v2\/product_tag?post=249959"}],"curies":[{"name":"wp","href":"https:\/\/api.w.org\/{rel}","templated":true}]}}