{"id":250250,"date":"2024-09-05T17:36:47","date_gmt":"2024-09-05T17:36:47","guid":{"rendered":"https:\/\/mireiasdream.com\/producto\/marsella-52-dress-by-antica-sartoria\/"},"modified":"2025-03-20T14:05:52","modified_gmt":"2025-03-20T14:05:52","slug":"vestido-antica-sartoria-marsella-52","status":"publish","type":"product","link":"https:\/\/mireiasdream.com\/en\/tienda\/clothing\/dresses\/short-dresses\/vestido-antica-sartoria-marsella-52\/","title":{"rendered":"Vestido Antica Sartoria Marsella 52"},"content":{"rendered":"<p>Vestido corto de algod\u00f3n boho: Este encantador vestido de algod\u00f3n destaca por sus delicados bordados en las mangas y la parte frontal, realzando un estilo bohemio aut\u00e9ntico. Con un elegante escote en pico pronunciado que se extiende hasta la cintura, puede ajustarse gracias a finas tiras rematadas con pompones azules. La cintura el\u00e1stica asegura un ajuste favorecedor, mientras que el volante en el bajo y las mangas acampanadas aportan un toque de movimiento y feminidad. Ideal para cualquier ocasi\u00f3n especial o para un look casual chic.<\/p>\n","protected":false},"excerpt":{"rendered":"<p>Vestido corto de <span class=\"Y2IQFc\" lang=\"es\" xml:lang=\"es\"><\/span><a href=\"https:\/\/https\/\/mireiasdream.com\/es\/2_antica-sartoria\">Antica Sartoria<\/a>  modelo Marsella 52, con manga larga acampanada, y bordados de colores, elaborado en algod\u00f3n.\u00a0<\/p>\n<p><a href=\"https:\/\/mireiasdream.com\/categoria-producto\/ropa\/vestidos\">Click para  m\u00e1s vestidos boho<\/a><\/p>\n","protected":false},"featured_media":254675,"template":"","meta":{"_et_pb_use_builder":"","_et_pb_old_content":"","_et_gb_content_width":"","_joinchat":[]},"product_brand":[535],"product_cat":[257,258,289],"product_tag":[],"class_list":{"0":"post-250250","1":"product","2":"type-product","3":"status-publish","4":"has-post-thumbnail","6":"product_brand-antica-sartoria-en","7":"product_cat-clothing","8":"product_cat-dresses","9":"product_cat-short-dresses","10":"pa_composicion-100-cotton","11":"pa_estilo-boho-chic-en","12":"pa_talla-unica-en-2","14":"first","15":"outofstock","16":"taxable","17":"shipping-taxable","18":"purchasable","19":"product-type-variable","20":"has-default-attributes"},"_links":{"self":[{"href":"https:\/\/mireiasdream.com\/en\/wp-json\/wp\/v2\/product\/250250","targetHints":{"allow":["GET"]}}],"collection":[{"href":"https:\/\/mireiasdream.com\/en\/wp-json\/wp\/v2\/product"}],"about":[{"href":"https:\/\/mireiasdream.com\/en\/wp-json\/wp\/v2\/types\/product"}],"wp:featuredmedia":[{"embeddable":true,"href":"https:\/\/mireiasdream.com\/en\/wp-json\/wp\/v2\/media\/254675"}],"wp:attachment":[{"href":"https:\/\/mireiasdream.com\/en\/wp-json\/wp\/v2\/media?parent=250250"}],"wp:term":[{"taxonomy":"product_brand","embeddable":true,"href":"https:\/\/mireiasdream.com\/en\/wp-json\/wp\/v2\/product_brand?post=250250"},{"taxonomy":"product_cat","embeddable":true,"href":"https:\/\/mireiasdream.com\/en\/wp-json\/wp\/v2\/product_cat?post=250250"},{"taxonomy":"product_tag","embeddable":true,"href":"https:\/\/mireiasdream.com\/en\/wp-json\/wp\/v2\/product_tag?post=250250"}],"curies":[{"name":"wp","href":"https:\/\/api.w.org\/{rel}","templated":true}]}}