{"id":250446,"date":"2025-09-09T13:07:07","date_gmt":"2025-09-09T13:07:07","guid":{"rendered":"https:\/\/mireiasdream.com\/producto\/jaase-bordeaux-print-eve-dress\/"},"modified":"2026-02-19T17:30:49","modified_gmt":"2026-02-19T17:30:49","slug":"vestido-jaase-eve-bordeaux","status":"publish","type":"product","link":"https:\/\/mireiasdream.com\/en\/tienda\/clothing\/dresses\/vestido-jaase-eve-bordeaux\/","title":{"rendered":"Vestido Jaase Eve Bordeaux"},"content":{"rendered":"<p>Este vestido midi de Jaase es ideal por su corte y por su estampado paisley color azul sobre fondo azul marino. Con manga francesa abullonada mediante gomas  y cuello en V, es un vestido holgado de corte ligeramente evas\u00e9 que lo consigue mediante el volante inferior y una pieza trapezoidal que se a\u00f1aden en la parte superior del volante para dotar al vestido de un poco m\u00e1s de volumen. El look que se aporta en la fotograf\u00eda con bot\u00edn corto resulta ideal. Disponible en cuatro tallas. En Mireia&#8217;s Dream sabemos cu\u00e1nto os gustan los vestidos boho  y por eso somos distribuidores oficiales de la marca australiana Jaase. No te los pierdas.<\/p>\n","protected":false},"excerpt":{"rendered":"<p>Vestido <span class=\"Y2IQFc\" lang=\"es\" xml:lang=\"es\"><\/span><a href=\"https:\/\/mireiasdream.com\/en\/marca\/jaase-en\/\">Jaase<\/a> midi modelo Eve, en  print Bordeaux y manga francesa, de la colecci\u00f3n oto\u00f1o.\u00a0<\/p>\n<p><a href=\"https:\/\/mireiasdream.com\/en\/categoria-producto\/clothing\/dresses\/\">Click para  m\u00e1s vestidos boho<\/a><\/p>\n","protected":false},"featured_media":254885,"template":"","meta":{"_et_pb_use_builder":"","_et_pb_old_content":"","_et_gb_content_width":"","_joinchat":[]},"product_brand":[536],"product_cat":[257,258],"product_tag":[],"class_list":{"0":"post-250446","1":"product","2":"type-product","3":"status-publish","4":"has-post-thumbnail","6":"product_brand-jaase-en","7":"product_cat-clothing","8":"product_cat-dresses","9":"pa_composicion-100-rayon","10":"pa_estilo-boho-chic-en","11":"pa_talla-m-en-2","12":"pa_talla-s-en-2","13":"pa_talla-xs-en-2","15":"first","16":"instock","17":"taxable","18":"shipping-taxable","19":"purchasable","20":"product-type-variable","21":"has-default-attributes"},"_links":{"self":[{"href":"https:\/\/mireiasdream.com\/en\/wp-json\/wp\/v2\/product\/250446","targetHints":{"allow":["GET"]}}],"collection":[{"href":"https:\/\/mireiasdream.com\/en\/wp-json\/wp\/v2\/product"}],"about":[{"href":"https:\/\/mireiasdream.com\/en\/wp-json\/wp\/v2\/types\/product"}],"wp:featuredmedia":[{"embeddable":true,"href":"https:\/\/mireiasdream.com\/en\/wp-json\/wp\/v2\/media\/254885"}],"wp:attachment":[{"href":"https:\/\/mireiasdream.com\/en\/wp-json\/wp\/v2\/media?parent=250446"}],"wp:term":[{"taxonomy":"product_brand","embeddable":true,"href":"https:\/\/mireiasdream.com\/en\/wp-json\/wp\/v2\/product_brand?post=250446"},{"taxonomy":"product_cat","embeddable":true,"href":"https:\/\/mireiasdream.com\/en\/wp-json\/wp\/v2\/product_cat?post=250446"},{"taxonomy":"product_tag","embeddable":true,"href":"https:\/\/mireiasdream.com\/en\/wp-json\/wp\/v2\/product_tag?post=250446"}],"curies":[{"name":"wp","href":"https:\/\/api.w.org\/{rel}","templated":true}]}}