{"id":255246,"date":"2025-02-03T15:49:41","date_gmt":"2025-02-03T15:49:41","guid":{"rendered":"https:\/\/mireiasdream.com\/producto\/jaase-hailee-print-mika-dress\/"},"modified":"2025-04-10T09:52:44","modified_gmt":"2025-04-10T09:52:44","slug":"vestido-jaase-mika-print-hailee","status":"publish","type":"product","link":"https:\/\/mireiasdream.com\/en\/tienda\/clothing\/dresses\/long-dresses\/vestido-jaase-mika-print-hailee\/","title":{"rendered":"Vestido Jaase Mika print Hailee"},"content":{"rendered":"<p>INGLEESSSSS<\/p>\n<p>&nbsp;<\/p>\n<p>Vestido largo Jaase estilo boho, de la colecci\u00f3n Jaase Spring 2025, de manga corta suelta, corte ajustado en la cintura con el cual se logra una figura estilizada, escote en V pronunciado decorado con una tela floral de diferente patr\u00f3n al del resto del vestido, ofreciendo un bonito contraste en la parte del cuerpo del vestido, as\u00ed como en el volante de la falda, bolsillos laterales y discretos, confeccionado en ray\u00f3n 100 %. Disponible en cuatro tallas, desde la XS hasta la L.<\/p>\n","protected":false},"excerpt":{"rendered":"<p>Vestido largo de <a href=\"https:\/\/mireiasdream.com\/marca\/jaase\">Jaase<\/a> modelo Mika, en print Hailee y manga corta, de la colecci\u00f3n primavera 2025.<\/p>\n<p><a href=\"https:\/\/mireiasdream.com\/categoria-producto\/ropa\/vestidos\">Click para m\u00e1s vestidos boho<\/a><\/p>\n","protected":false},"featured_media":255201,"template":"","meta":{"_et_pb_use_builder":"","_et_pb_old_content":"","_et_gb_content_width":"","_joinchat":[]},"product_brand":[536],"product_cat":[257,258,206],"product_tag":[260],"class_list":{"0":"post-255246","1":"product","2":"type-product","3":"status-publish","4":"has-post-thumbnail","6":"product_brand-jaase-en","7":"product_cat-clothing","8":"product_cat-dresses","9":"product_cat-long-dresses","10":"product_tag-jaase-en","11":"pa_composicion-100-rayon","12":"pa_estilo-boho-chic-en","13":"pa_talla-l-en-2","15":"first","16":"outofstock","17":"taxable","18":"shipping-taxable","19":"purchasable","20":"product-type-variable","21":"has-default-attributes"},"_links":{"self":[{"href":"https:\/\/mireiasdream.com\/en\/wp-json\/wp\/v2\/product\/255246","targetHints":{"allow":["GET"]}}],"collection":[{"href":"https:\/\/mireiasdream.com\/en\/wp-json\/wp\/v2\/product"}],"about":[{"href":"https:\/\/mireiasdream.com\/en\/wp-json\/wp\/v2\/types\/product"}],"wp:featuredmedia":[{"embeddable":true,"href":"https:\/\/mireiasdream.com\/en\/wp-json\/wp\/v2\/media\/255201"}],"wp:attachment":[{"href":"https:\/\/mireiasdream.com\/en\/wp-json\/wp\/v2\/media?parent=255246"}],"wp:term":[{"taxonomy":"product_brand","embeddable":true,"href":"https:\/\/mireiasdream.com\/en\/wp-json\/wp\/v2\/product_brand?post=255246"},{"taxonomy":"product_cat","embeddable":true,"href":"https:\/\/mireiasdream.com\/en\/wp-json\/wp\/v2\/product_cat?post=255246"},{"taxonomy":"product_tag","embeddable":true,"href":"https:\/\/mireiasdream.com\/en\/wp-json\/wp\/v2\/product_tag?post=255246"}],"curies":[{"name":"wp","href":"https:\/\/api.w.org\/{rel}","templated":true}]}}