{"id":255744,"date":"2025-02-22T20:02:47","date_gmt":"2025-02-22T20:02:47","guid":{"rendered":"https:\/\/mireiasdream.com\/producto\/nkn-nekane-printed-midi-noi-skirt\/"},"modified":"2025-04-07T17:39:19","modified_gmt":"2025-04-07T17:39:19","slug":"nkn-nekane-falda-midi-estampada-noi","status":"publish","type":"product","link":"https:\/\/mireiasdream.com\/en\/tienda\/clothing\/skirts-and-pants\/nkn-nekane-falda-midi-estampada-noi\/","title":{"rendered":"NKN Nekane &#8211; Falda midi estampada Noi"},"content":{"rendered":"<p>Falda fluida de NKN Nekane,de estilo bohemio con un original estampado floral en tonos malva, rosa y beige de inspiraci\u00f3n vintage. Tiene una ca\u00edda muy favorecedora y resulta ideal para cualquier ocasi\u00f3n. El detalle de la cintura con tiras cruzadas y peque\u00f1a abertura a\u00f1ade un toque muy chic y moderno y los adornos bordados hacen de la falda una prenda elegante y \u00e9tnica a la vez. Elaborada en viscosa 100 %.<\/p>\n","protected":false},"excerpt":{"rendered":"<p>Falda midi de <a href=\"https:\/\/mireiasdream.com\/marca\/nkn-nekane\">Nekane<\/a>  con estampado floral en tonos malva, rosa y beige elaborada en viscosa 100%<\/p>\n","protected":false},"featured_media":255716,"template":"","meta":{"_et_pb_use_builder":"","_et_pb_old_content":"","_et_gb_content_width":"","_joinchat":[]},"product_brand":[539],"product_cat":[257,278],"product_tag":[338,335],"class_list":{"0":"post-255744","1":"product","2":"type-product","3":"status-publish","4":"has-post-thumbnail","6":"product_brand-nkn-nekane-en","7":"product_cat-clothing","8":"product_cat-skirts-and-pants","9":"product_tag-nekane-en","10":"product_tag-nkn-en","11":"pa_composicion-100-viscose","12":"pa_estilo-boho-chic-en","13":"pa_talla-l-en-2","14":"pa_talla-m-en-2","15":"pa_talla-s-en-2","17":"first","18":"instock","19":"sale","20":"taxable","21":"shipping-taxable","22":"purchasable","23":"product-type-variable","24":"has-default-attributes"},"_links":{"self":[{"href":"https:\/\/mireiasdream.com\/en\/wp-json\/wp\/v2\/product\/255744","targetHints":{"allow":["GET"]}}],"collection":[{"href":"https:\/\/mireiasdream.com\/en\/wp-json\/wp\/v2\/product"}],"about":[{"href":"https:\/\/mireiasdream.com\/en\/wp-json\/wp\/v2\/types\/product"}],"wp:featuredmedia":[{"embeddable":true,"href":"https:\/\/mireiasdream.com\/en\/wp-json\/wp\/v2\/media\/255716"}],"wp:attachment":[{"href":"https:\/\/mireiasdream.com\/en\/wp-json\/wp\/v2\/media?parent=255744"}],"wp:term":[{"taxonomy":"product_brand","embeddable":true,"href":"https:\/\/mireiasdream.com\/en\/wp-json\/wp\/v2\/product_brand?post=255744"},{"taxonomy":"product_cat","embeddable":true,"href":"https:\/\/mireiasdream.com\/en\/wp-json\/wp\/v2\/product_cat?post=255744"},{"taxonomy":"product_tag","embeddable":true,"href":"https:\/\/mireiasdream.com\/en\/wp-json\/wp\/v2\/product_tag?post=255744"}],"curies":[{"name":"wp","href":"https:\/\/api.w.org\/{rel}","templated":true}]}}